{"id":128,"date":"2013-12-25T19:49:32","date_gmt":"2013-12-25T17:49:32","guid":{"rendered":"http:\/\/wordpress.siebenschlaefer-am-see.de\/?page_id=128"},"modified":"2026-03-25T21:30:58","modified_gmt":"2026-03-25T19:30:58","slug":"lage-des-hauses","status":"publish","type":"page","link":"https:\/\/www.siebenschlaefer-am-see.de\/?page_id=128","title":{"rendered":"Lage des Hauses"},"content":{"rendered":"\n<figure class=\"wp-block-gallery aligncenter has-nested-images columns-default is-cropped wp-block-gallery-1 is-layout-flex wp-block-gallery-is-layout-flex\">\n<figure class=\"wp-block-image size-large is-style-default\"><img loading=\"lazy\" decoding=\"async\" width=\"622\" height=\"350\" data-id=\"728\" src=\"https:\/\/www.siebenschlaefer-am-see.de\/wp-content\/uploads\/2020\/01\/Ausblick-K\u00fcche.jpg\" alt=\"\" class=\"wp-image-728\" srcset=\"https:\/\/www.siebenschlaefer-am-see.de\/wp-content\/uploads\/2020\/01\/Ausblick-K\u00fcche.jpg 622w, https:\/\/www.siebenschlaefer-am-see.de\/wp-content\/uploads\/2020\/01\/Ausblick-K\u00fcche-300x169.jpg 300w\" sizes=\"auto, (max-width: 622px) 100vw, 622px\" \/><\/figure>\n<\/figure>\n\n\n\n<p><\/p>\n\n\n<p><span style=\"font-family: Capriola;\">Das Siebenschl\u00e4fer Haus liegt in erster Reihe zum Gro\u00dfen Brombachsee gegen\u00fcber der Dorfkirche in Ramsberg Mitte, einem Ortsteil von Pleinfeld am Brombachsee mitten im Fr\u00e4nkischen Seenland. Von hier aus k\u00f6nnen Sie perfekt die 7 Seen der Region Mittelfranken entdecken! Direkt vom Haus auf das Rad!<\/span><\/p>\n\n\n<iframe src=\"https:\/\/www.google.com\/maps\/embed?pb=!1m18!1m12!1m3!1d7948.223282217791!2d10.932427634189924!3d49.12039759161082!2m3!1f0!2f0!3f0!3m2!1i1024!2i768!4f13.1!3m3!1m2!1s0x479f371da5dd3d27%3A0x68dc07680fb25834!2sFerienhaus%20Siebenschl%C3%A4fer!5e1!3m2!1sde!2sde!4v1774465708597!5m2!1sde!2sde\" width=\"600\" height=\"450\" style=\"border:0;\" allowfullscreen=\"\" loading=\"lazy\" referrerpolicy=\"no-referrer-when-downgrade\"><\/iframe>\n\n\n\n<p class=\"has-text-align-center\"><a href=\"https:\/\/www.siebenschlaefer-am-see.de\/?page_id=825\" data-type=\"page\" data-id=\"825\">Impressum<\/a><\/p>\n","protected":false},"excerpt":{"rendered":"<p>Das Siebenschl\u00e4fer Haus liegt in erster Reihe zum Gro\u00dfen Brombachsee gegen\u00fcber der Dorfkirche in Ramsberg Mitte, einem Ortsteil von Pleinfeld am Brombachsee mitten im Fr\u00e4nkischen Seenland. Von hier aus k\u00f6nnen Sie perfekt die 7 Seen der Region Mittelfranken entdecken! Direkt vom Haus auf das Rad! Impressum<\/p>\n","protected":false},"author":3,"featured_media":836,"parent":0,"menu_order":0,"comment_status":"closed","ping_status":"closed","template":"template-full-width.php","meta":{"footnotes":""},"class_list":["post-128","page","type-page","status-publish","has-post-thumbnail","hentry"],"jetpack_sharing_enabled":true,"_links":{"self":[{"href":"https:\/\/www.siebenschlaefer-am-see.de\/index.php?rest_route=\/wp\/v2\/pages\/128","targetHints":{"allow":["GET"]}}],"collection":[{"href":"https:\/\/www.siebenschlaefer-am-see.de\/index.php?rest_route=\/wp\/v2\/pages"}],"about":[{"href":"https:\/\/www.siebenschlaefer-am-see.de\/index.php?rest_route=\/wp\/v2\/types\/page"}],"author":[{"embeddable":true,"href":"https:\/\/www.siebenschlaefer-am-see.de\/index.php?rest_route=\/wp\/v2\/users\/3"}],"replies":[{"embeddable":true,"href":"https:\/\/www.siebenschlaefer-am-see.de\/index.php?rest_route=%2Fwp%2Fv2%2Fcomments&post=128"}],"version-history":[{"count":29,"href":"https:\/\/www.siebenschlaefer-am-see.de\/index.php?rest_route=\/wp\/v2\/pages\/128\/revisions"}],"predecessor-version":[{"id":1077,"href":"https:\/\/www.siebenschlaefer-am-see.de\/index.php?rest_route=\/wp\/v2\/pages\/128\/revisions\/1077"}],"wp:featuredmedia":[{"embeddable":true,"href":"https:\/\/www.siebenschlaefer-am-see.de\/index.php?rest_route=\/wp\/v2\/media\/836"}],"wp:attachment":[{"href":"https:\/\/www.siebenschlaefer-am-see.de\/index.php?rest_route=%2Fwp%2Fv2%2Fmedia&parent=128"}],"curies":[{"name":"wp","href":"https:\/\/api.w.org\/{rel}","templated":true}]}}