{"id":375,"date":"2017-02-12T23:03:03","date_gmt":"2017-02-12T21:03:03","guid":{"rendered":"http:\/\/wordpress.siebenschlaefer-am-see.de\/?page_id=375"},"modified":"2026-03-28T10:29:38","modified_gmt":"2026-03-28T08:29:38","slug":"ausstattung","status":"publish","type":"page","link":"https:\/\/www.siebenschlaefer-am-see.de\/?page_id=375","title":{"rendered":"Ausstattung"},"content":{"rendered":"\n<figure class=\"wp-block-gallery has-nested-images columns-default is-cropped wp-block-gallery-1 is-layout-flex wp-block-gallery-is-layout-flex\">\n<figure class=\"wp-block-image size-large\"><img loading=\"lazy\" decoding=\"async\" width=\"1024\" height=\"605\" data-id=\"760\" src=\"https:\/\/www.siebenschlaefer-am-see.de\/wp-content\/uploads\/2020\/01\/K\u00fcche-OG-Ferienhaus-Siebenschl\u00e4fer-Ramsberg-1024x605.jpg\" alt=\"Ausstattung der K\u00fcche\" class=\"wp-image-760\" srcset=\"https:\/\/www.siebenschlaefer-am-see.de\/wp-content\/uploads\/2020\/01\/K\u00fcche-OG-Ferienhaus-Siebenschl\u00e4fer-Ramsberg-1024x605.jpg 1024w, https:\/\/www.siebenschlaefer-am-see.de\/wp-content\/uploads\/2020\/01\/K\u00fcche-OG-Ferienhaus-Siebenschl\u00e4fer-Ramsberg-300x177.jpg 300w, https:\/\/www.siebenschlaefer-am-see.de\/wp-content\/uploads\/2020\/01\/K\u00fcche-OG-Ferienhaus-Siebenschl\u00e4fer-Ramsberg-768x454.jpg 768w, https:\/\/www.siebenschlaefer-am-see.de\/wp-content\/uploads\/2020\/01\/K\u00fcche-OG-Ferienhaus-Siebenschl\u00e4fer-Ramsberg.jpg 1397w\" sizes=\"auto, (max-width: 1024px) 100vw, 1024px\" \/><\/figure>\n<\/figure>\n\n\n<p><span style=\"font-family: Capriola;\">Unser Familien-Ferienhaus ist mit Liebe ausgestattet:<\/span><\/p>\n<h2><span style=\"font-family: Capriola;\">allgemein:<\/span><\/h2>\n<ul>\n<li><span style=\"font-family: Capriola;\">PKW-Stellpl\u00e4tze vor dem Haus<\/span><\/li>\n<li><span style=\"font-family: Capriola;\">abschlie\u00dfbarer Fahrrad-Schuppen<\/span><\/li>\n<li><span style=\"font-family: Capriola;\">Bollerwagen f\u00fcr den Strandausflug oder die Wanderung mit Kleinkindern<\/span><\/li>\n<li><span style=\"font-family: Capriola;\">Kinder-Reisebett<\/span><\/li>\n<li><span style=\"font-family: Capriola;\">Kinderhochstuhl<\/span><\/li>\n<li><span style=\"font-family: Capriola;\">und nat\u00fcrlich VIELE Spiele und B\u00fccher f\u00fcr jedes Alter<\/span><\/li>\n<li><span style=\"font-family: Capriola;\">kostenloses WLAN f\u00fcr unsere G\u00e4ste<\/span><\/li>\n<li><span style=\"font-family: Capriola;\">kleiner Garten mit Liegewiese auf der Seeseite<\/span><\/li>\n<li><span style=\"font-family: Capriola;\">Wasch-Trockner<\/span><\/li>\n<\/ul>\n<h2><span style=\"font-family: Capriola;\">Erdgeschoss:<\/span><\/h2>\n<ul>\n<li><span style=\"font-family: Capriola;\">Schlafzimmer (Doppelbett), Platz f\u00fcr ein Kinderbett<\/span><span style=\"font-family: Capriola;\"><br \/><\/span><\/li>\n<li><span style=\"font-family: Capriola;\">Ensuite Duschbad<\/span><\/li>\n<li><span style=\"font-family: Capriola;\">Wohnraum mit Sofa, Tischgruppe und Kochgelegenheit<\/span><\/li>\n<li><span style=\"font-family: Capriola;\">Smart TV mit DVD-Player<\/span><\/li>\n<\/ul>\n<h2><span style=\"font-family: Capriola;\">Obergeschoss:<\/span><\/h2>\n<ul>\n<li><span style=\"font-family: Capriola;\">zwei kleine Schlafr\u00e4ume mit je einem Doppelbett (1,40 x 2,00), eines davon ist ein &#8222;Katamaranbett&#8220; f\u00fcr bis zu drei Kinder<\/span><\/li>\n<li><span style=\"font-family: Capriola;\">Bad\/WC mit Badewanne und integrierter Dusche<\/span><\/li>\n<li><span style=\"font-family: Capriola;\">komplett ausgestattete Wohnk\u00fcche mit sch\u00f6nem Esstisch<\/span><\/li>\n<li><span style=\"font-family: Capriola;\">Balkon mit Panoramablick zum Gro\u00dfen Brombachsee<\/span><\/li>\n<li><span style=\"font-family: Capriola;\">gro\u00dfz\u00fcgige Dachgalerie als ger\u00e4umiges Wohnzimmer zum Spielen, Fernsehen, etc.<\/span><\/li>\n<li><span style=\"font-family: Capriola;\">Smart TV und DVD-Player<\/span><\/li>\n<\/ul>\n\n\n<figure class=\"wp-block-gallery has-nested-images columns-default is-cropped wp-block-gallery-2 is-layout-flex wp-block-gallery-is-layout-flex\">\n<figure class=\"wp-block-image size-large\"><a href=\"https:\/\/www.siebenschlaefer-am-see.de\/wp-content\/uploads\/2020\/01\/Erdgeschoss.jpg\"><img loading=\"lazy\" decoding=\"async\" width=\"720\" height=\"960\" data-id=\"795\" src=\"https:\/\/www.siebenschlaefer-am-see.de\/wp-content\/uploads\/2020\/01\/Erdgeschoss.jpg\" alt=\"\" class=\"wp-image-795\" srcset=\"https:\/\/www.siebenschlaefer-am-see.de\/wp-content\/uploads\/2020\/01\/Erdgeschoss.jpg 720w, https:\/\/www.siebenschlaefer-am-see.de\/wp-content\/uploads\/2020\/01\/Erdgeschoss-225x300.jpg 225w\" sizes=\"auto, (max-width: 720px) 100vw, 720px\" \/><\/a><figcaption class=\"wp-element-caption\">Erdgeschoss<\/figcaption><\/figure>\n\n\n\n<figure class=\"wp-block-image size-large\"><a href=\"https:\/\/www.siebenschlaefer-am-see.de\/wp-content\/uploads\/2020\/01\/Obergeschoss.jpg\"><img loading=\"lazy\" decoding=\"async\" width=\"720\" height=\"960\" data-id=\"794\" src=\"https:\/\/www.siebenschlaefer-am-see.de\/wp-content\/uploads\/2020\/01\/Obergeschoss.jpg\" alt=\"\" class=\"wp-image-794\" srcset=\"https:\/\/www.siebenschlaefer-am-see.de\/wp-content\/uploads\/2020\/01\/Obergeschoss.jpg 720w, https:\/\/www.siebenschlaefer-am-see.de\/wp-content\/uploads\/2020\/01\/Obergeschoss-225x300.jpg 225w\" sizes=\"auto, (max-width: 720px) 100vw, 720px\" \/><\/a><figcaption class=\"wp-element-caption\">Obergeschoss<\/figcaption><\/figure>\n<\/figure>\n\n\n<p><span style=\"font-family: Capriola;\"><!-- \/wp:post-content --> <!-- wp:paragraph --><\/span><\/p>\n<p><span style=\"font-family: Capriola;\">Haustiere sind leider nicht gestattet. Rauchen bitte nur im Au\u00dfenbereich!<\/span><\/p>\n<p><span style=\"font-family: Capriola;\">Laden Sie sich hier den Hausprospekt herunter: <a href=\"https:\/\/www.siebenschlaefer-am-see.de\/wp-content\/uploads\/2020\/01\/Flyer-Siebenschlaefer.pdf\">Flyer Siebenschl\u00e4fer<\/a><\/span><\/p>\n<p><span style=\"font-family: Capriola;\"><!-- \/wp:paragraph --> <!-- wp:paragraph --><\/span><\/p>\n<p><span style=\"font-family: Capriola;\">Stand 28.03.2026<\/span><\/p>\n<p><!-- wp:separator --><\/p>\n<hr class=\"wp-block-separator\" \/><!-- \/wp:separator -->\n<p><!-- wp:paragraph {\"align\":\"center\"} --><\/p>\n<p class=\"has-text-align-center\"><a href=\"https:\/\/www.siebenschlaefer-am-see.de\/?page_id=825\">Impressum<\/a><\/p>\n<p><!-- \/wp:paragraph --><\/p>\n<p><!-- wp:paragraph --><\/p>\n<p><!-- \/wp:paragraph --><\/p>","protected":false},"excerpt":{"rendered":"<p>Unser Familien-Ferienhaus ist mit Liebe ausgestattet: allgemein: PKW-Stellpl\u00e4tze vor dem Haus abschlie\u00dfbarer Fahrrad-Schuppen Bollerwagen f\u00fcr den Strandausflug oder die Wanderung mit Kleinkindern Kinder-Reisebett Kinderhochstuhl und nat\u00fcrlich VIELE Spiele und B\u00fccher f\u00fcr jedes Alter kostenloses WLAN f\u00fcr unsere G\u00e4ste kleiner Garten mit Liegewiese auf der Seeseite Wasch-Trockner Erdgeschoss: Schlafzimmer (Doppelbett), Platz f\u00fcr ein Kinderbett Ensuite Duschbad [&hellip;]<\/p>\n","protected":false},"author":3,"featured_media":811,"parent":0,"menu_order":0,"comment_status":"closed","ping_status":"closed","template":"template-full-width.php","meta":{"footnotes":""},"class_list":["post-375","page","type-page","status-publish","has-post-thumbnail","hentry"],"jetpack_sharing_enabled":true,"_links":{"self":[{"href":"https:\/\/www.siebenschlaefer-am-see.de\/index.php?rest_route=\/wp\/v2\/pages\/375","targetHints":{"allow":["GET"]}}],"collection":[{"href":"https:\/\/www.siebenschlaefer-am-see.de\/index.php?rest_route=\/wp\/v2\/pages"}],"about":[{"href":"https:\/\/www.siebenschlaefer-am-see.de\/index.php?rest_route=\/wp\/v2\/types\/page"}],"author":[{"embeddable":true,"href":"https:\/\/www.siebenschlaefer-am-see.de\/index.php?rest_route=\/wp\/v2\/users\/3"}],"replies":[{"embeddable":true,"href":"https:\/\/www.siebenschlaefer-am-see.de\/index.php?rest_route=%2Fwp%2Fv2%2Fcomments&post=375"}],"version-history":[{"count":38,"href":"https:\/\/www.siebenschlaefer-am-see.de\/index.php?rest_route=\/wp\/v2\/pages\/375\/revisions"}],"predecessor-version":[{"id":1079,"href":"https:\/\/www.siebenschlaefer-am-see.de\/index.php?rest_route=\/wp\/v2\/pages\/375\/revisions\/1079"}],"wp:featuredmedia":[{"embeddable":true,"href":"https:\/\/www.siebenschlaefer-am-see.de\/index.php?rest_route=\/wp\/v2\/media\/811"}],"wp:attachment":[{"href":"https:\/\/www.siebenschlaefer-am-see.de\/index.php?rest_route=%2Fwp%2Fv2%2Fmedia&parent=375"}],"curies":[{"name":"wp","href":"https:\/\/api.w.org\/{rel}","templated":true}]}}