{"id":71,"date":"2013-05-22T22:14:30","date_gmt":"2013-05-22T20:14:30","guid":{"rendered":"http:\/\/wordpress.siebenschlaefer-am-see.de\/?page_id=71"},"modified":"2026-03-25T13:00:28","modified_gmt":"2026-03-25T11:00:28","slug":"startseite","status":"publish","type":"page","link":"https:\/\/www.siebenschlaefer-am-see.de\/","title":{"rendered":"Ferien im Fr\u00e4nkischen Seenland"},"content":{"rendered":"<div class=\"wp-block-image\">\n<figure class=\"alignright size-full is-resized\"><a href=\"https:\/\/www.multimaps360.de\/vr360\/seenland-brombachsee\/index.html#ramsberg_anlegestelle\"><img loading=\"lazy\" decoding=\"async\" width=\"300\" height=\"250\" src=\"https:\/\/www.siebenschlaefer-am-see.de\/wp-content\/uploads\/2026\/03\/seenland-banner-360grad-10.png\" alt=\"\" class=\"wp-image-1042\" style=\"aspect-ratio:1.2001807501129689;width:98px;height:auto\"\/><\/a><\/figure>\n<\/div>\n\n\n<p><span style=\"font-family: Capriola; font-size: 16px;\">Das Ferienhaus ist modern und mit Liebe eingerichtet, der sch\u00f6ne Ausblick auf den Gro\u00dfen Brombachsee schafft Urlaubsstimmung von Anfang an!&nbsp;<\/span><\/p>\n\n\n\n<p><span style=\"font-family: Capriola; font-size: 16px;\">Das \u00c4u\u00dfere ist dem mittelfr\u00e4nkischen Ortsbild angepasst, im Inneren erwartet Sie ein zeitgem\u00e4\u00dfes und frisches Ambiente mit Charme.<\/span><\/p>\n\n\n\n<p><span style=\"font-size: 16px;\"><span style=\"font-family: Capriola;\">Fahren Sie bequem und g\u00fcnstig&nbsp;im Nahverkehr von Ramsberg Bahnhof in einer knappen Stunde in die romantische N\u00fcrnberger Altstadt!<\/span><span style=\"font-family: Capriola;\"> Keine Parkplatzsorgen, im Stundentakt. Messebesucher erreichen die Messe N\u00fcrnberg mit dem Auto in 40 Minuten.<\/span><\/span><\/p>\n\n\n\n<p><span style=\"font-family: Capriola; font-size: 16px;\">Und dann wieder raus aus dem Gedr\u00e4nge, zur\u00fcck zu Landluft &amp; Laufen und Seeblick &amp; Schm\u00f6kern &#8230; und es wird beschaulich, zu Fu\u00df in wenigen Minuten am See.<\/span><\/p>\n\n\n\n<p><span style=\"font-family: Capriola; font-size: 16px;\">Das Siebenschl\u00e4fer Haus bietet Betten f\u00fcr bis zu sieben G\u00e4ste, ideal also f\u00fcr gro\u00dfe Familien oder f\u00fcr den Urlaub mit Oma und Opa.<\/span><\/p>\n\n\n\n<p><span style=\"font-family: Capriola; font-size: 16px;\">Wir freuen uns \u00fcber Ihr Interesse!<\/span><\/p>\n\n\n\n<p>Instagram: <a href=\"https:\/\/www.instagram.com\/siebenschlaeferamsee\/\">@siebenschlaeferamsee<\/a><\/p>\n\n\n\n<hr class=\"wp-block-separator has-css-opacity\"\/>\n\n\n\n<p class=\"has-text-align-center\"><a href=\"https:\/\/www.siebenschlaefer-am-see.de\/?page_id=825\" data-type=\"page\" data-id=\"825\">Impressum<\/a><\/p>\n","protected":false},"excerpt":{"rendered":"<p>Das Ferienhaus ist modern und mit Liebe eingerichtet, der sch\u00f6ne Ausblick auf den Gro\u00dfen Brombachsee schafft Urlaubsstimmung von Anfang an!&nbsp; Das \u00c4u\u00dfere ist dem mittelfr\u00e4nkischen Ortsbild angepasst, im Inneren erwartet Sie ein zeitgem\u00e4\u00dfes und frisches Ambiente mit Charme. Fahren Sie bequem und g\u00fcnstig&nbsp;im Nahverkehr von Ramsberg Bahnhof in einer knappen Stunde in die romantische N\u00fcrnberger [&hellip;]<\/p>\n","protected":false},"author":3,"featured_media":0,"parent":0,"menu_order":0,"comment_status":"closed","ping_status":"closed","template":"template-full-width.php","meta":{"footnotes":""},"class_list":["post-71","page","type-page","status-publish","hentry"],"jetpack_sharing_enabled":true,"_links":{"self":[{"href":"https:\/\/www.siebenschlaefer-am-see.de\/index.php?rest_route=\/wp\/v2\/pages\/71","targetHints":{"allow":["GET"]}}],"collection":[{"href":"https:\/\/www.siebenschlaefer-am-see.de\/index.php?rest_route=\/wp\/v2\/pages"}],"about":[{"href":"https:\/\/www.siebenschlaefer-am-see.de\/index.php?rest_route=\/wp\/v2\/types\/page"}],"author":[{"embeddable":true,"href":"https:\/\/www.siebenschlaefer-am-see.de\/index.php?rest_route=\/wp\/v2\/users\/3"}],"replies":[{"embeddable":true,"href":"https:\/\/www.siebenschlaefer-am-see.de\/index.php?rest_route=%2Fwp%2Fv2%2Fcomments&post=71"}],"version-history":[{"count":49,"href":"https:\/\/www.siebenschlaefer-am-see.de\/index.php?rest_route=\/wp\/v2\/pages\/71\/revisions"}],"predecessor-version":[{"id":1044,"href":"https:\/\/www.siebenschlaefer-am-see.de\/index.php?rest_route=\/wp\/v2\/pages\/71\/revisions\/1044"}],"wp:attachment":[{"href":"https:\/\/www.siebenschlaefer-am-see.de\/index.php?rest_route=%2Fwp%2Fv2%2Fmedia&parent=71"}],"curies":[{"name":"wp","href":"https:\/\/api.w.org\/{rel}","templated":true}]}}