{"id":825,"date":"2020-01-20T00:41:23","date_gmt":"2020-01-19T22:41:23","guid":{"rendered":"http:\/\/wordpress.siebenschlaefer-am-see.de\/?page_id=825"},"modified":"2026-03-25T12:19:15","modified_gmt":"2026-03-25T10:19:15","slug":"impressum","status":"publish","type":"page","link":"https:\/\/www.siebenschlaefer-am-see.de\/?page_id=825","title":{"rendered":"Impressum"},"content":{"rendered":"<p><span style=\"font-family: Capriola;\">Verantwortlich f\u00fcr den Inhalt dieser Seiten:<\/span><\/p>\n<p><span style=\"font-family: Capriola;\">Martin Kaiser<br \/>\n<\/span><span style=\"font-family: Capriola;\">Birkenw\u00e4ldchen 32<\/span><br \/>\n<span style=\"font-family: Capriola;\">91166 Georgensgm\u00fcnd<\/span><\/p>\n<p><span style=\"font-family: Capriola;\">Email: info(at)siebenschlaefer-am-see.de<\/span><\/p>\n<p><span style=\"font-family: Capriola;\">Die Webseiten dieser Homepage oder inhaltliche Bestandteile wie Texte, Logos und Bilder d\u00fcrfen nur nach vorheriger schriftlicher Zustimmung heruntergeladen und anderweitig verwendet bzw. digital weiterverarbeitet werden. Unsere Webseiten wurden nach besten Wissen und Gewissen erstellt. Bitte informieren Sie uns umgehend, falls Differenzen bez\u00fcglich des Urheberrechts auftreten.<\/span><\/p>\n<p><span style=\"font-family: Capriola;\">Die 360\u00b0-Panoramen werden freundlicherweise von &#8222;TV Fr\u00e4nkisches Seenland\/multimaps360\u00b0&#8220; zur Verf\u00fcgung gestellt.<\/span><\/p>\n<p><span style=\"font-family: Capriola;\">Die Rechte alle anderen Bilder auf unseren Seiten liegen beim Autor.<\/span><\/p>\n<p><span style=\"font-family: Capriola;\">Der Autor ist nicht f\u00fcr die Inhalte fremder Seiten verantwortlich, die \u00fcber einen Link erreicht werden!<\/span><\/p>\n<h3><span style=\"font-family: Capriola;\">Datenschutz<\/span><\/h3>\n<p><span style=\"font-family: Capriola;\">Durch den Besuch der Website des Anbieters k\u00f6nnen Informationen \u00fcber den Zugriff (Datum, Uhrzeit, betrachtete Seite) gespeichert werden. Diese Daten geh\u00f6ren nicht zu den personenbezogenen Daten, sondern sind anonymisiert. Sie werden ausschlie\u00dflich zu statistischen Zwecken ausgewertet. Eine Weitergabe an Dritte, zu kommerziellen oder nichtkommerziellen Zwecken, findet nicht statt.<\/span><\/p>\n<p><span style=\"font-family: Capriola;\">Der Anbieter weist ausdr\u00fccklich darauf hin, dass Daten\u00fcbertragungen im Internet (z.B. bei der Kommunikation per E-Mail) Sicherheitsl\u00fccken aufweisen und nicht l\u00fcckenlos vor dem Zugriff durch Dritte gesch\u00fctzt werden k\u00f6nnen.<\/span><\/p>\n<p><strong><span style=\"font-family: Capriola;\">Verwendung von Webplanner Kalender<\/span><\/strong><br \/>\n<span style=\"font-family: Capriola;\">Zur Darstellung von Belegungszeiten unser Ferienobjekte nutzen wir die Software webplanner des deutschen Anbieters Webplanner, Drubbel 3, 48143 M\u00fcnster. <\/span><span style=\"font-family: Capriola;\">Zum Datenschutzhinweis des Anbieters: <a href=\"https:\/\/www.webplanner.de\/datenschutz\">https:\/\/www.webplanner.de\/datenschutz<\/a><\/span><\/p>\n","protected":false},"excerpt":{"rendered":"<p>Verantwortlich f\u00fcr den Inhalt dieser Seiten: Martin Kaiser Birkenw\u00e4ldchen 32 91166 Georgensgm\u00fcnd Email: info(at)siebenschlaefer-am-see.de Die Webseiten dieser Homepage oder inhaltliche Bestandteile wie Texte, Logos und Bilder d\u00fcrfen nur nach vorheriger schriftlicher Zustimmung heruntergeladen und anderweitig verwendet bzw. digital weiterverarbeitet werden. Unsere Webseiten wurden nach besten Wissen und Gewissen erstellt. Bitte informieren Sie uns umgehend, falls [&hellip;]<\/p>\n","protected":false},"author":1,"featured_media":0,"parent":0,"menu_order":0,"comment_status":"closed","ping_status":"closed","template":"template-full-width.php","meta":{"footnotes":""},"class_list":["post-825","page","type-page","status-publish","hentry"],"jetpack_sharing_enabled":true,"_links":{"self":[{"href":"https:\/\/www.siebenschlaefer-am-see.de\/index.php?rest_route=\/wp\/v2\/pages\/825","targetHints":{"allow":["GET"]}}],"collection":[{"href":"https:\/\/www.siebenschlaefer-am-see.de\/index.php?rest_route=\/wp\/v2\/pages"}],"about":[{"href":"https:\/\/www.siebenschlaefer-am-see.de\/index.php?rest_route=\/wp\/v2\/types\/page"}],"author":[{"embeddable":true,"href":"https:\/\/www.siebenschlaefer-am-see.de\/index.php?rest_route=\/wp\/v2\/users\/1"}],"replies":[{"embeddable":true,"href":"https:\/\/www.siebenschlaefer-am-see.de\/index.php?rest_route=%2Fwp%2Fv2%2Fcomments&post=825"}],"version-history":[{"count":14,"href":"https:\/\/www.siebenschlaefer-am-see.de\/index.php?rest_route=\/wp\/v2\/pages\/825\/revisions"}],"predecessor-version":[{"id":1019,"href":"https:\/\/www.siebenschlaefer-am-see.de\/index.php?rest_route=\/wp\/v2\/pages\/825\/revisions\/1019"}],"wp:attachment":[{"href":"https:\/\/www.siebenschlaefer-am-see.de\/index.php?rest_route=%2Fwp%2Fv2%2Fmedia&parent=825"}],"curies":[{"name":"wp","href":"https:\/\/api.w.org\/{rel}","templated":true}]}}